{"id":9,"date":"2020-08-03T21:55:55","date_gmt":"2020-08-03T19:55:55","guid":{"rendered":"http:\/\/1calamus2vexilles.fr\/?page_id=9"},"modified":"2021-01-25T18:58:10","modified_gmt":"2021-01-25T17:58:10","slug":"emma-trempe-sa-plume-dans-lether","status":"publish","type":"page","link":"https:\/\/1calamus2vexilles.fr\/","title":{"rendered":"Emma trempe sa plume dans l&rsquo;\u00e9ther&#8230;"},"content":{"rendered":"\n<p style=\"font-size:34px\">Venez, je vous embarque dans mon petit monde avec un calamus et deux vexilles, c&rsquo;est \u00e0 dire une plume !<\/p>\n\n\n\n<div class=\"wp-block-media-text alignwide\"><figure class=\"wp-block-media-text__media\"><img loading=\"lazy\" decoding=\"async\" width=\"922\" height=\"922\" src=\"http:\/\/1calamus2vexilles.fr\/wp-content\/uploads\/2020\/09\/logo-Emma-fl-carr\u00e9.jpg\" alt=\"\" class=\"wp-image-106\" srcset=\"https:\/\/1calamus2vexilles.fr\/wp-content\/uploads\/2020\/09\/logo-Emma-fl-carr\u00e9.jpg 922w, https:\/\/1calamus2vexilles.fr\/wp-content\/uploads\/2020\/09\/logo-Emma-fl-carr\u00e9-150x150.jpg 150w, https:\/\/1calamus2vexilles.fr\/wp-content\/uploads\/2020\/09\/logo-Emma-fl-carr\u00e9-300x300.jpg 300w, https:\/\/1calamus2vexilles.fr\/wp-content\/uploads\/2020\/09\/logo-Emma-fl-carr\u00e9-768x768.jpg 768w\" sizes=\"auto, (max-width: 709px) 85vw, (max-width: 909px) 67vw, (max-width: 1362px) 62vw, 840px\" \/><\/figure><div class=\"wp-block-media-text__content\">\n<p class=\"has-medium-font-size\">\nIl vous suffit de cliquer sur les titres des articles r\u00e9cents (<em>au fil des jours<\/em>) pour picorer ce qui vous tombe dans le bec ou piocher selon votre humeur (<em>au fil des couleurs<\/em>).\n Les commentaires n&rsquo;engagent que vous, mais admettez qu&rsquo;ils puissent \nsubir un trait de plume&#8230;  Et pour aimer ce monde il faut aimer l&rsquo;\u00e9pine\n et le chardon, ainsi va la vie !\n\n<\/p>\n<\/div><\/div>\n\n\n\n<blockquote class=\"wp-block-quote is-style-default is-layout-flow wp-block-quote-is-layout-flow\"><p>\u00ab\u00a0L&rsquo;histoire est enti\u00e8rement vraie puisque je l&rsquo;ai imagin\u00e9e d&rsquo;un bout \u00e0 l&rsquo;autre\u00a0\u00bb<\/p><cite>Boris Vian<\/cite><\/blockquote>\n\n\n\n<p>Ce site est un ramassis de nouvelles, d\u00e9lires et po\u00e8mes.  Pour les amateurs de feuilletons, vous trouverez un r\u00e9cit en chapitre publi\u00e9 selon l&rsquo;humeur. Soyez patient, je ne connais pas encore la fin de l&rsquo;histoire :<\/p>\n\n\n\n<div class=\"wp-block-button is-style-outline is-style-outline--1\"><a class=\"wp-block-button__link has-text-color has-dark-red-color has-background has-white-background-color\" href=\"https:\/\/1calamus2vexilles.fr\/?p=74\">La CARTE POSTALE<br><\/a><\/div>\n\n\n\n<p>A l&rsquo;origine de ce site, une plume sur l\u2019avant bras d\u2019une danseuse\u2026 et un vieux souvenir bien enfoui dans la vase, remonte \u00e0 la surface :<\/p>\n\n\n\n<div class=\"wp-block-button is-style-outline is-style-outline--2\"><a class=\"wp-block-button__link has-text-color has-dark-red-color has-background has-white-background-color\" href=\"https:\/\/1calamus2vexilles.fr\/?p=18\">LE CLOAQUE<br><\/a><\/div>\n","protected":false},"excerpt":{"rendered":"<p>Venez, je vous embarque dans mon petit monde avec un calamus et deux vexilles, c&rsquo;est \u00e0 dire une plume ! Il vous suffit de cliquer sur les titres des articles r\u00e9cents (au fil des jours) pour picorer ce qui vous tombe dans le bec ou piocher selon votre humeur (au fil des couleurs). Les commentaires &hellip; <a href=\"https:\/\/1calamus2vexilles.fr\/\" class=\"more-link\">Continuer la lecture<span class=\"screen-reader-text\"> de &laquo;&nbsp;Emma trempe sa plume dans l&rsquo;\u00e9ther&#8230;&nbsp;&raquo;<\/span><\/a><\/p>\n","protected":false},"author":1,"featured_media":0,"parent":0,"menu_order":0,"comment_status":"closed","ping_status":"closed","template":"","meta":{"footnotes":""},"class_list":["post-9","page","type-page","status-publish","hentry"],"_links":{"self":[{"href":"https:\/\/1calamus2vexilles.fr\/index.php?rest_route=\/wp\/v2\/pages\/9","targetHints":{"allow":["GET"]}}],"collection":[{"href":"https:\/\/1calamus2vexilles.fr\/index.php?rest_route=\/wp\/v2\/pages"}],"about":[{"href":"https:\/\/1calamus2vexilles.fr\/index.php?rest_route=\/wp\/v2\/types\/page"}],"author":[{"embeddable":true,"href":"https:\/\/1calamus2vexilles.fr\/index.php?rest_route=\/wp\/v2\/users\/1"}],"replies":[{"embeddable":true,"href":"https:\/\/1calamus2vexilles.fr\/index.php?rest_route=%2Fwp%2Fv2%2Fcomments&post=9"}],"version-history":[{"count":18,"href":"https:\/\/1calamus2vexilles.fr\/index.php?rest_route=\/wp\/v2\/pages\/9\/revisions"}],"predecessor-version":[{"id":195,"href":"https:\/\/1calamus2vexilles.fr\/index.php?rest_route=\/wp\/v2\/pages\/9\/revisions\/195"}],"wp:attachment":[{"href":"https:\/\/1calamus2vexilles.fr\/index.php?rest_route=%2Fwp%2Fv2%2Fmedia&parent=9"}],"curies":[{"name":"wp","href":"https:\/\/api.w.org\/{rel}","templated":true}]}}